{"id":8955,"date":"2018-06-04T07:23:16","date_gmt":"2018-06-04T07:23:16","guid":{"rendered":"https:\/\/e-twow.com\/recommendations\/"},"modified":"2020-03-03T12:44:51","modified_gmt":"2020-03-03T12:44:51","slug":"empfehlungen","status":"publish","type":"page","link":"https:\/\/e-twow.com\/de\/empfehlungen\/","title":{"rendered":"Empfehlungen"},"content":{"rendered":"<section class=\"l-section wpb_row height_small\"><div class=\"l-section-h i-cf\"><div class=\"g-cols vc_row via_flex valign_top type_default stacking_default\"><div class=\"vc_col-sm-12 wpb_column vc_column_container\"><div class=\"vc_column-inner\"><div class=\"wpb_wrapper\"><div class=\"wpb_text_column\"><div class=\"wpb_wrapper\"><h2>Hier: Was wir empfehlen<\/h2>\n<p>Als Voraussetzung f\u00fcr den reibungslosen Betrieb des Produkts, empfehlen wir eine regelm\u00e4\u00dfige Inspektion in einer autorisierten Werkstatt innerhalb von sechs Monaten, jedoch nicht mehr als 1000 zur\u00fcckgelegten km. Au\u00dferdem empfehlen wir Ihnen, nach jeder kalten Jahreszeit den Betrieb des Produkts zu \u00fcberpr\u00fcfen, insbesondere im Hinblick auf die Batterie und die elektronischen Teile.<\/p>\n<p>E-TWOW r\u00e4t davon ab, Elektroroller von Websites wie AliExpress oder Amazon zu kaufen, da diese m\u00f6glicherweise f\u00fcr jedes Land, f\u00fcr das sie hergestellt wurden, ge\u00e4ndert wurden: Ge\u00e4nderte Rahmen, Geschwindigkeitsbegrenzungen und die Ersatzteile dieser Motorroller k\u00f6nnen nur aus dem Land gekauft werden f\u00fcr die sie hergestellt wurden, was f\u00fcr unsere Kunden zus\u00e4tzliche Kosten mit sich bringt, falls eine Reparatur erforderlich wird.<\/p>\n<p>Entsprechend den Vorschriften der Fluggesellschaft k\u00f6nnen die Rollerakkus nicht mit dem Flugzeug transportiert werden, so dass der Roller nicht funktionsf\u00e4hig ist.<\/p>\n<p>Ein weiterer wichtiger Aspekt ist das Garantiezertifikat, das nur im Herkunftsland des Rollers g\u00fcltig ist, sodass der Service und die Wartung nicht kostenlos sind.<\/p>\n<p>Bitte akzeptieren Sie den Kauf von Rollern ohne g\u00fcltiges Garantiezertifikat des Wiederverk\u00e4ufers nicht!<\/p>\n<p>Bitte vergessen Sie nicht, den Roller jeden Monat aufzuladen, auch wenn Sie ihn nicht benutzen, um die Lebensdauer der Batterie zu verl\u00e4ngern.<\/p>\n<p>F\u00fchren Sie eine minimale Wartung durch, z. B. Auftragen von Vaseline an der Basis und an den Gelenken, und stellen Sie sicher, dass die Schrauben fest angezogen sind.<\/p>\n<p>Schlie\u00dfen Sie nach dem Einstellen der H\u00f6he immer den Hebel, der das H\u00f6henverstellsystem in Position h\u00e4lt, und \u00fcberpr\u00fcfen Sie regelm\u00e4\u00dfig, ob die Schraube, mit der es befestigt ist, sehr gut festgezogen ist.<\/p>\n<p>Laden Sie den Roller immer auf, bis die LED-Anzeige des Ladeger\u00e4ts gr\u00fcn leuchtet.<\/p>\n<p>Laden Sie den Roller so weit wie m\u00f6glich zu 100% auf, und laden Sie ihn jedes Mal auf, wenn Sie eine M\u00f6glichkeit haben.<\/p>\n<p>Halten Sie den Roller von Wasser und Feuchtigkeit fern. Wenn Sie vom Regen \u00fcberrascht werden, stellen Sie sicher, dass Sie den Roller so schnell wie m\u00f6glich an einem trockenen und warmen Ort abstellen. Reinigen Sie ihn wirklich gut mit einem trockenen Tuch, damit kein Wasser zur\u00fcck bleibt.<\/p>\n<\/div><\/div><\/div><\/div><\/div><\/div><\/div><\/section>\n","protected":false},"excerpt":{"rendered":"Hier: Was wir empfehlen Als Voraussetzung f\u00fcr den reibungslosen Betrieb des Produkts, empfehlen wir eine regelm\u00e4\u00dfige Inspektion in einer autorisierten Werkstatt innerhalb von sechs Monaten, jedoch nicht mehr als 1000 zur\u00fcckgelegten km. Au\u00dferdem empfehlen wir Ihnen, nach jeder kalten Jahreszeit den Betrieb des Produkts zu \u00fcberpr\u00fcfen, insbesondere im Hinblick auf die Batterie und die elektronischen...","protected":false},"author":1,"featured_media":0,"parent":0,"menu_order":0,"comment_status":"closed","ping_status":"closed","template":"","meta":{"ngg_post_thumbnail":0,"footnotes":""},"class_list":["post-8955","page","type-page","status-publish","hentry"],"yoast_head":"<!-- This site is optimized with the Yoast SEO Premium plugin v27.2 (Yoast SEO v27.2) - https:\/\/yoast.com\/product\/yoast-seo-premium-wordpress\/ -->\n<title>Empfehlungen - E-TWOW<\/title>\n<meta name=\"robots\" content=\"index, follow, max-snippet:-1, max-image-preview:large, max-video-preview:-1\" \/>\n<link rel=\"canonical\" href=\"https:\/\/e-twow.com\/recommendations\/\" \/>\n<meta property=\"og:locale\" content=\"de_DE\" \/>\n<meta property=\"og:type\" content=\"article\" \/>\n<meta property=\"og:title\" content=\"Empfehlungen\" \/>\n<meta property=\"og:url\" content=\"https:\/\/e-twow.com\/recommendations\/\" \/>\n<meta property=\"og:site_name\" content=\"E-TWOW\" \/>\n<meta property=\"article:modified_time\" content=\"2020-03-03T12:44:51+00:00\" \/>\n<meta name=\"twitter:card\" content=\"summary_large_image\" \/>\n<meta name=\"twitter:label1\" content=\"Gesch\u00e4tzte Lesezeit\" \/>\n\t<meta name=\"twitter:data1\" content=\"2\u00a0Minuten\" \/>\n<script type=\"application\/ld+json\" class=\"yoast-schema-graph\">{\"@context\":\"https:\/\/schema.org\",\"@graph\":[{\"@type\":\"WebPage\",\"@id\":\"https:\/\/e-twow.com\/recommendations\/\",\"url\":\"https:\/\/e-twow.com\/recommendations\/\",\"name\":\"Empfehlungen - E-TWOW\",\"isPartOf\":{\"@id\":\"https:\/\/e-twow.com\/#website\"},\"datePublished\":\"2018-06-04T07:23:16+00:00\",\"dateModified\":\"2020-03-03T12:44:51+00:00\",\"breadcrumb\":{\"@id\":\"https:\/\/e-twow.com\/recommendations\/#breadcrumb\"},\"inLanguage\":\"de\",\"potentialAction\":[{\"@type\":\"ReadAction\",\"target\":[\"https:\/\/e-twow.com\/recommendations\/\"]}]},{\"@type\":\"BreadcrumbList\",\"@id\":\"https:\/\/e-twow.com\/recommendations\/#breadcrumb\",\"itemListElement\":[{\"@type\":\"ListItem\",\"position\":1,\"name\":\"Start\",\"item\":\"https:\/\/e-twow.com\/de\/\"},{\"@type\":\"ListItem\",\"position\":2,\"name\":\"Empfehlungen\"}]},{\"@type\":\"WebSite\",\"@id\":\"https:\/\/e-twow.com\/#website\",\"url\":\"https:\/\/e-twow.com\/\",\"name\":\"E-TWOW\",\"description\":\"Portable Scooter\",\"potentialAction\":[{\"@type\":\"SearchAction\",\"target\":{\"@type\":\"EntryPoint\",\"urlTemplate\":\"https:\/\/e-twow.com\/?s={search_term_string}\"},\"query-input\":{\"@type\":\"PropertyValueSpecification\",\"valueRequired\":true,\"valueName\":\"search_term_string\"}}],\"inLanguage\":\"de\"}]}<\/script>\n<!-- \/ Yoast SEO Premium plugin. -->","yoast_head_json":{"title":"Empfehlungen - E-TWOW","robots":{"index":"index","follow":"follow","max-snippet":"max-snippet:-1","max-image-preview":"max-image-preview:large","max-video-preview":"max-video-preview:-1"},"canonical":"https:\/\/e-twow.com\/recommendations\/","og_locale":"de_DE","og_type":"article","og_title":"Empfehlungen","og_url":"https:\/\/e-twow.com\/recommendations\/","og_site_name":"E-TWOW","article_modified_time":"2020-03-03T12:44:51+00:00","twitter_card":"summary_large_image","twitter_misc":{"Gesch\u00e4tzte Lesezeit":"2\u00a0Minuten"},"schema":{"@context":"https:\/\/schema.org","@graph":[{"@type":"WebPage","@id":"https:\/\/e-twow.com\/recommendations\/","url":"https:\/\/e-twow.com\/recommendations\/","name":"Empfehlungen - E-TWOW","isPartOf":{"@id":"https:\/\/e-twow.com\/#website"},"datePublished":"2018-06-04T07:23:16+00:00","dateModified":"2020-03-03T12:44:51+00:00","breadcrumb":{"@id":"https:\/\/e-twow.com\/recommendations\/#breadcrumb"},"inLanguage":"de","potentialAction":[{"@type":"ReadAction","target":["https:\/\/e-twow.com\/recommendations\/"]}]},{"@type":"BreadcrumbList","@id":"https:\/\/e-twow.com\/recommendations\/#breadcrumb","itemListElement":[{"@type":"ListItem","position":1,"name":"Start","item":"https:\/\/e-twow.com\/de\/"},{"@type":"ListItem","position":2,"name":"Empfehlungen"}]},{"@type":"WebSite","@id":"https:\/\/e-twow.com\/#website","url":"https:\/\/e-twow.com\/","name":"E-TWOW","description":"Portable Scooter","potentialAction":[{"@type":"SearchAction","target":{"@type":"EntryPoint","urlTemplate":"https:\/\/e-twow.com\/?s={search_term_string}"},"query-input":{"@type":"PropertyValueSpecification","valueRequired":true,"valueName":"search_term_string"}}],"inLanguage":"de"}]}},"_links":{"self":[{"href":"https:\/\/e-twow.com\/de\/wp-json\/wp\/v2\/pages\/8955","targetHints":{"allow":["GET"]}}],"collection":[{"href":"https:\/\/e-twow.com\/de\/wp-json\/wp\/v2\/pages"}],"about":[{"href":"https:\/\/e-twow.com\/de\/wp-json\/wp\/v2\/types\/page"}],"author":[{"embeddable":true,"href":"https:\/\/e-twow.com\/de\/wp-json\/wp\/v2\/users\/1"}],"replies":[{"embeddable":true,"href":"https:\/\/e-twow.com\/de\/wp-json\/wp\/v2\/comments?post=8955"}],"version-history":[{"count":1,"href":"https:\/\/e-twow.com\/de\/wp-json\/wp\/v2\/pages\/8955\/revisions"}],"predecessor-version":[{"id":8956,"href":"https:\/\/e-twow.com\/de\/wp-json\/wp\/v2\/pages\/8955\/revisions\/8956"}],"wp:attachment":[{"href":"https:\/\/e-twow.com\/de\/wp-json\/wp\/v2\/media?parent=8955"}],"curies":[{"name":"wp","href":"https:\/\/api.w.org\/{rel}","templated":true}]}}